{"id":3142,"date":"2022-02-26T02:24:41","date_gmt":"2022-02-26T08:24:41","guid":{"rendered":"https:\/\/innovanucleomedico.com\/?page_id=3142"},"modified":"2023-01-26T12:58:39","modified_gmt":"2023-01-26T18:58:39","slug":"mision-2","status":"publish","type":"page","link":"https:\/\/innovanucleomedico.com\/es\/mision-2\/","title":{"rendered":"Misi\u00f3n"},"content":{"rendered":"\t\t<div data-elementor-type=\"wp-page\" data-elementor-id=\"3142\" class=\"elementor elementor-3142\" data-elementor-post-type=\"page\">\n\t\t\t\t\t\t<section class=\"elementor-section elementor-top-section elementor-element elementor-element-70b5c5e elementor-section-height-min-height elementor-section-stretched elementor-section-boxed elementor-section-height-default elementor-section-items-middle\" data-id=\"70b5c5e\" data-element_type=\"section\" data-e-type=\"section\" data-settings=\"{&quot;stretch_section&quot;:&quot;section-stretched&quot;,&quot;background_background&quot;:&quot;classic&quot;}\">\n\t\t\t\t\t\t\t<div class=\"elementor-background-overlay\"><\/div>\n\t\t\t\t\t\t\t<div class=\"elementor-container elementor-column-gap-default\">\n\t\t\t\t\t<div class=\"elementor-column elementor-col-100 elementor-top-column elementor-element elementor-element-6418259\" data-id=\"6418259\" data-element_type=\"column\" data-e-type=\"column\">\n\t\t\t<div class=\"elementor-widget-wrap elementor-element-populated\">\n\t\t\t\t\t\t<div class=\"elementor-element elementor-element-8a7b3b4 elementor-widget elementor-widget-heading\" data-id=\"8a7b3b4\" data-element_type=\"widget\" data-e-type=\"widget\" data-widget_type=\"heading.default\">\n\t\t\t\t<div class=\"elementor-widget-container\">\n\t\t\t\t\t<h2 class=\"elementor-heading-title elementor-size-default\">Misi\u00f3n, visi\u00f3n y valores<\/h2>\t\t\t\t<\/div>\n\t\t\t\t<\/div>\n\t\t\t\t\t<\/div>\n\t\t<\/div>\n\t\t\t\t\t<\/div>\n\t\t<\/section>\n\t\t\t\t<section class=\"elementor-section elementor-top-section elementor-element elementor-element-dd6fba3 elementor-section-full_width elementor-section-content-middle elementor-section-stretched elementor-section-height-default elementor-section-height-default\" data-id=\"dd6fba3\" data-element_type=\"section\" data-e-type=\"section\" data-settings=\"{&quot;stretch_section&quot;:&quot;section-stretched&quot;}\">\n\t\t\t\t\t\t<div class=\"elementor-container elementor-column-gap-default\">\n\t\t\t\t\t<div class=\"elementor-column elementor-col-50 elementor-top-column elementor-element elementor-element-b8889e3\" data-id=\"b8889e3\" data-element_type=\"column\" data-e-type=\"column\">\n\t\t\t<div class=\"elementor-widget-wrap elementor-element-populated\">\n\t\t\t\t\t\t<div class=\"elementor-element elementor-element-367302e elementor-widget elementor-widget-image\" data-id=\"367302e\" data-element_type=\"widget\" data-e-type=\"widget\" data-widget_type=\"image.default\">\n\t\t\t\t<div class=\"elementor-widget-container\">\n\t\t\t\t\t\t\t\t\t\t\t\t\t\t\t<img fetchpriority=\"high\" decoding=\"async\" width=\"1024\" height=\"683\" src=\"https:\/\/innovanucleomedico.com\/wp-content\/uploads\/2022\/02\/embarazo-ginecologa-1024x683.jpg\" class=\"attachment-large size-large wp-image-3133\" alt=\"\" srcset=\"https:\/\/innovanucleomedico.com\/wp-content\/uploads\/2022\/02\/embarazo-ginecologa-1024x683.jpg 1024w, https:\/\/innovanucleomedico.com\/wp-content\/uploads\/2022\/02\/embarazo-ginecologa-300x200.jpg 300w, https:\/\/innovanucleomedico.com\/wp-content\/uploads\/2022\/02\/embarazo-ginecologa-768x512.jpg 768w, https:\/\/innovanucleomedico.com\/wp-content\/uploads\/2022\/02\/embarazo-ginecologa-1536x1024.jpg 1536w, https:\/\/innovanucleomedico.com\/wp-content\/uploads\/2022\/02\/embarazo-ginecologa-860x573.jpg 860w, https:\/\/innovanucleomedico.com\/wp-content\/uploads\/2022\/02\/embarazo-ginecologa-580x387.jpg 580w, https:\/\/innovanucleomedico.com\/wp-content\/uploads\/2022\/02\/embarazo-ginecologa-1160x773.jpg 1160w, https:\/\/innovanucleomedico.com\/wp-content\/uploads\/2022\/02\/embarazo-ginecologa-1320x880.jpg 1320w, https:\/\/innovanucleomedico.com\/wp-content\/uploads\/2022\/02\/embarazo-ginecologa.jpg 1920w\" sizes=\"(max-width: 1024px) 100vw, 1024px\" \/>\t\t\t\t\t\t\t\t\t\t\t\t\t\t\t<\/div>\n\t\t\t\t<\/div>\n\t\t\t\t\t<\/div>\n\t\t<\/div>\n\t\t\t\t<div class=\"elementor-column elementor-col-50 elementor-top-column elementor-element elementor-element-eed5e71\" data-id=\"eed5e71\" data-element_type=\"column\" data-e-type=\"column\">\n\t\t\t<div class=\"elementor-widget-wrap elementor-element-populated\">\n\t\t\t\t\t\t<div class=\"elementor-element elementor-element-cb5f887 elementor-widget elementor-widget-heading\" data-id=\"cb5f887\" data-element_type=\"widget\" data-e-type=\"widget\" data-widget_type=\"heading.default\">\n\t\t\t\t<div class=\"elementor-widget-container\">\n\t\t\t\t\t<h2 class=\"elementor-heading-title elementor-size-default\">Misi\u00f3n<\/h2>\t\t\t\t<\/div>\n\t\t\t\t<\/div>\n\t\t\t\t<div class=\"elementor-element elementor-element-1c60c9d elementor-widget elementor-widget-text-editor\" data-id=\"1c60c9d\" data-element_type=\"widget\" data-e-type=\"widget\" data-widget_type=\"text-editor.default\">\n\t\t\t\t<div class=\"elementor-widget-container\">\n\t\t\t\t\t\t\t\t\t<p>Nuestra misi\u00f3n es satisfacer las necesidades de salud de los pacientes en todos aquellos aspectos relacionados con nuestra especialidad, siempre basados en una atenci\u00f3n individualizada y centrada en la persona.<\/p><p>Asegurando un servicio efectivo y eficiente, bajo unos valores de seguridad y m\u00e1xima calidad para nuestros usuarios.<\/p>\t\t\t\t\t\t\t\t<\/div>\n\t\t\t\t<\/div>\n\t\t\t\t\t<\/div>\n\t\t<\/div>\n\t\t\t\t\t<\/div>\n\t\t<\/section>\n\t\t\t\t<section class=\"elementor-section elementor-top-section elementor-element elementor-element-37cf181 elementor-section-full_width elementor-section-content-middle elementor-section-stretched elementor-section-height-default elementor-section-height-default\" data-id=\"37cf181\" data-element_type=\"section\" data-e-type=\"section\" data-settings=\"{&quot;stretch_section&quot;:&quot;section-stretched&quot;}\">\n\t\t\t\t\t\t<div class=\"elementor-container elementor-column-gap-default\">\n\t\t\t\t\t<div class=\"elementor-column elementor-col-50 elementor-top-column elementor-element elementor-element-a3c8ebe\" data-id=\"a3c8ebe\" data-element_type=\"column\" data-e-type=\"column\">\n\t\t\t<div class=\"elementor-widget-wrap elementor-element-populated\">\n\t\t\t\t\t\t<div class=\"elementor-element elementor-element-3b8c629 elementor-widget elementor-widget-heading\" data-id=\"3b8c629\" data-element_type=\"widget\" data-e-type=\"widget\" data-widget_type=\"heading.default\">\n\t\t\t\t<div class=\"elementor-widget-container\">\n\t\t\t\t\t<h2 class=\"elementor-heading-title elementor-size-default\">Visi\u00f3n<\/h2>\t\t\t\t<\/div>\n\t\t\t\t<\/div>\n\t\t\t\t<div class=\"elementor-element elementor-element-72f529d elementor-widget elementor-widget-text-editor\" data-id=\"72f529d\" data-element_type=\"widget\" data-e-type=\"widget\" data-widget_type=\"text-editor.default\">\n\t\t\t\t<div class=\"elementor-widget-container\">\n\t\t\t\t\t\t\t\t\t<p>Queremos mediante nuestra implicaci\u00f3n, esfuerzo e iniciativa, establecer \u00e1reas de excelencia en los \u00e1mbitos de ginecolog\u00eda y cardiolog\u00eda. Nuestro objetivo principal y final es la mejora de la calidad asistencial y el grado de satisfacci\u00f3n de nuestras pacientes.<\/p>\t\t\t\t\t\t\t\t<\/div>\n\t\t\t\t<\/div>\n\t\t\t\t\t<\/div>\n\t\t<\/div>\n\t\t\t\t<div class=\"elementor-column elementor-col-50 elementor-top-column elementor-element elementor-element-86a3455\" data-id=\"86a3455\" data-element_type=\"column\" data-e-type=\"column\">\n\t\t\t<div class=\"elementor-widget-wrap elementor-element-populated\">\n\t\t\t\t\t\t<div class=\"elementor-element elementor-element-d3713ac elementor-widget elementor-widget-image\" data-id=\"d3713ac\" data-element_type=\"widget\" data-e-type=\"widget\" data-widget_type=\"image.default\">\n\t\t\t\t<div class=\"elementor-widget-container\">\n\t\t\t\t\t\t\t\t\t\t\t\t\t\t\t<img decoding=\"async\" width=\"1024\" height=\"683\" src=\"https:\/\/innovanucleomedico.com\/wp-content\/uploads\/2022\/02\/corazon-1024x683.jpg\" class=\"attachment-large size-large wp-image-3130\" alt=\"\" srcset=\"https:\/\/innovanucleomedico.com\/wp-content\/uploads\/2022\/02\/corazon-1024x683.jpg 1024w, https:\/\/innovanucleomedico.com\/wp-content\/uploads\/2022\/02\/corazon-300x200.jpg 300w, https:\/\/innovanucleomedico.com\/wp-content\/uploads\/2022\/02\/corazon-768x512.jpg 768w, https:\/\/innovanucleomedico.com\/wp-content\/uploads\/2022\/02\/corazon-1536x1024.jpg 1536w, https:\/\/innovanucleomedico.com\/wp-content\/uploads\/2022\/02\/corazon-860x573.jpg 860w, https:\/\/innovanucleomedico.com\/wp-content\/uploads\/2022\/02\/corazon-580x387.jpg 580w, https:\/\/innovanucleomedico.com\/wp-content\/uploads\/2022\/02\/corazon-1160x773.jpg 1160w, https:\/\/innovanucleomedico.com\/wp-content\/uploads\/2022\/02\/corazon-1320x880.jpg 1320w, https:\/\/innovanucleomedico.com\/wp-content\/uploads\/2022\/02\/corazon.jpg 1920w\" sizes=\"(max-width: 1024px) 100vw, 1024px\" \/>\t\t\t\t\t\t\t\t\t\t\t\t\t\t\t<\/div>\n\t\t\t\t<\/div>\n\t\t\t\t\t<\/div>\n\t\t<\/div>\n\t\t\t\t\t<\/div>\n\t\t<\/section>\n\t\t\t\t<section class=\"elementor-section elementor-top-section elementor-element elementor-element-606c35d elementor-section-full_width elementor-section-content-middle elementor-section-stretched elementor-section-height-default elementor-section-height-default\" data-id=\"606c35d\" data-element_type=\"section\" data-e-type=\"section\" data-settings=\"{&quot;stretch_section&quot;:&quot;section-stretched&quot;}\">\n\t\t\t\t\t\t<div class=\"elementor-container elementor-column-gap-default\">\n\t\t\t\t\t<div class=\"elementor-column elementor-col-50 elementor-top-column elementor-element elementor-element-8f07aeb\" data-id=\"8f07aeb\" data-element_type=\"column\" data-e-type=\"column\">\n\t\t\t<div class=\"elementor-widget-wrap elementor-element-populated\">\n\t\t\t\t\t\t<div class=\"elementor-element elementor-element-331b141 elementor-widget elementor-widget-image\" data-id=\"331b141\" data-element_type=\"widget\" data-e-type=\"widget\" data-widget_type=\"image.default\">\n\t\t\t\t<div class=\"elementor-widget-container\">\n\t\t\t\t\t\t\t\t\t\t\t\t\t\t\t<img decoding=\"async\" width=\"1024\" height=\"683\" src=\"https:\/\/innovanucleomedico.com\/wp-content\/uploads\/2021\/11\/Inicio2-1024x683.jpg\" class=\"attachment-large size-large wp-image-2811\" alt=\"\" srcset=\"https:\/\/innovanucleomedico.com\/wp-content\/uploads\/2021\/11\/Inicio2-1024x683.jpg 1024w, https:\/\/innovanucleomedico.com\/wp-content\/uploads\/2021\/11\/Inicio2-300x200.jpg 300w, https:\/\/innovanucleomedico.com\/wp-content\/uploads\/2021\/11\/Inicio2-768x512.jpg 768w, https:\/\/innovanucleomedico.com\/wp-content\/uploads\/2021\/11\/Inicio2-1536x1024.jpg 1536w, https:\/\/innovanucleomedico.com\/wp-content\/uploads\/2021\/11\/Inicio2-860x573.jpg 860w, https:\/\/innovanucleomedico.com\/wp-content\/uploads\/2021\/11\/Inicio2-580x387.jpg 580w, https:\/\/innovanucleomedico.com\/wp-content\/uploads\/2021\/11\/Inicio2-1160x773.jpg 1160w, https:\/\/innovanucleomedico.com\/wp-content\/uploads\/2021\/11\/Inicio2-1320x880.jpg 1320w, https:\/\/innovanucleomedico.com\/wp-content\/uploads\/2021\/11\/Inicio2.jpg 1920w\" sizes=\"(max-width: 1024px) 100vw, 1024px\" \/>\t\t\t\t\t\t\t\t\t\t\t\t\t\t\t<\/div>\n\t\t\t\t<\/div>\n\t\t\t\t\t<\/div>\n\t\t<\/div>\n\t\t\t\t<div class=\"elementor-column elementor-col-50 elementor-top-column elementor-element elementor-element-2d44684\" data-id=\"2d44684\" data-element_type=\"column\" data-e-type=\"column\">\n\t\t\t<div class=\"elementor-widget-wrap elementor-element-populated\">\n\t\t\t\t\t\t<div class=\"elementor-element elementor-element-61cc8a5 elementor-widget elementor-widget-heading\" data-id=\"61cc8a5\" data-element_type=\"widget\" data-e-type=\"widget\" data-widget_type=\"heading.default\">\n\t\t\t\t<div class=\"elementor-widget-container\">\n\t\t\t\t\t<h2 class=\"elementor-heading-title elementor-size-default\">Valores<\/h2>\t\t\t\t<\/div>\n\t\t\t\t<\/div>\n\t\t\t\t<div class=\"elementor-element elementor-element-b0736ff elementor-widget elementor-widget-text-editor\" data-id=\"b0736ff\" data-element_type=\"widget\" data-e-type=\"widget\" data-widget_type=\"text-editor.default\">\n\t\t\t\t<div class=\"elementor-widget-container\">\n\t\t\t\t\t\t\t\t\t<ul class=\"ProsemirrorEditor-list\" data-pm-slice=\"3 3 []\"><li class=\"ProsemirrorEditor-listItem\" data-list-indent=\"1\" data-list-type=\"bulleted\">Profesionalidad:\u00a0para desarrollar el trabajo encomendado, con el deseo continuo de ampliar conocimientos y el orgullo de desempe\u00f1ar nuestra especialidad.<\/li><li class=\"ProsemirrorEditor-listItem\" data-list-indent=\"1\" data-list-type=\"bulleted\">Compromiso: de nuestro equipo con su responsabilidad profesional, la capacidad de cumplir con los objetivos fijados.<\/li><li class=\"ProsemirrorEditor-listItem\" data-list-indent=\"1\" data-list-type=\"bulleted\">Sensibilidad: para atender las necesidades de nuestras pacientes y sus familias, que nos permitan mantener una medicina centrada en la persona.<\/li><li class=\"ProsemirrorEditor-listItem\" data-list-indent=\"1\" data-list-type=\"bulleted\">Confianza: en todas las personas implicadas en el acto m\u00e9dico, pacientes, profesionales, familia.<\/li><li class=\"ProsemirrorEditor-listItem\" data-list-indent=\"1\" data-list-type=\"bulleted\">Trabajo en equipo.<\/li><li class=\"ProsemirrorEditor-listItem\" data-list-indent=\"1\" data-list-type=\"bulleted\">Orientaci\u00f3n al paciente: La capacidad de gestionar la atenci\u00f3n individualizada, desde el respeto y la empat\u00eda al usuario.<\/li><li class=\"ProsemirrorEditor-listItem\" data-list-indent=\"1\" data-list-type=\"bulleted\">Innovaci\u00f3n: Innovaci\u00f3n continua para adaptarse a las nuevas circunstancias.<\/li><\/ul>\t\t\t\t\t\t\t\t<\/div>\n\t\t\t\t<\/div>\n\t\t\t\t\t<\/div>\n\t\t<\/div>\n\t\t\t\t\t<\/div>\n\t\t<\/section>\n\t\t\t\t<section class=\"elementor-section elementor-top-section elementor-element elementor-element-5f0da56 elementor-section-full_width elementor-section-height-min-height elementor-section-stretched elementor-section-height-default elementor-section-items-middle\" data-id=\"5f0da56\" data-element_type=\"section\" data-e-type=\"section\" data-settings=\"{&quot;stretch_section&quot;:&quot;section-stretched&quot;,&quot;background_background&quot;:&quot;classic&quot;}\">\n\t\t\t\t\t\t<div class=\"elementor-container elementor-column-gap-default\">\n\t\t\t\t\t<div class=\"elementor-column elementor-col-25 elementor-top-column elementor-element elementor-element-8fd1e01\" data-id=\"8fd1e01\" data-element_type=\"column\" data-e-type=\"column\">\n\t\t\t<div class=\"elementor-widget-wrap elementor-element-populated\">\n\t\t\t\t\t\t<div class=\"elementor-element elementor-element-cbaa353 elementor-widget elementor-widget-heading\" data-id=\"cbaa353\" data-element_type=\"widget\" data-e-type=\"widget\" data-widget_type=\"heading.default\">\n\t\t\t\t<div class=\"elementor-widget-container\">\n\t\t\t\t\t<h2 class=\"elementor-heading-title elementor-size-default\">Info<\/h2>\t\t\t\t<\/div>\n\t\t\t\t<\/div>\n\t\t\t\t<div class=\"elementor-element elementor-element-26e6054 elementor-widget elementor-widget-text-editor\" data-id=\"26e6054\" data-element_type=\"widget\" data-e-type=\"widget\" data-widget_type=\"text-editor.default\">\n\t\t\t\t<div class=\"elementor-widget-container\">\n\t\t\t\t\t\t\t\t\t<a style=\"text-decoration:none;color: white;\"href=\"http:\/\/denta.cmsmasters.net\/contacts\/\">N\u00facleo de especialidades m\u00e9dicas de diagnostico.<\/a>\t\t\t\t\t\t\t\t<\/div>\n\t\t\t\t<\/div>\n\t\t\t\t\t<\/div>\n\t\t<\/div>\n\t\t\t\t<div class=\"elementor-column elementor-col-25 elementor-top-column elementor-element elementor-element-771dc5f\" data-id=\"771dc5f\" data-element_type=\"column\" data-e-type=\"column\">\n\t\t\t<div class=\"elementor-widget-wrap elementor-element-populated\">\n\t\t\t\t\t\t<div class=\"elementor-element elementor-element-529e576 elementor-widget elementor-widget-heading\" data-id=\"529e576\" data-element_type=\"widget\" data-e-type=\"widget\" data-widget_type=\"heading.default\">\n\t\t\t\t<div class=\"elementor-widget-container\">\n\t\t\t\t\t<h2 class=\"elementor-heading-title elementor-size-default\">Ubicaci\u00f3n<\/h2>\t\t\t\t<\/div>\n\t\t\t\t<\/div>\n\t\t\t\t<div class=\"elementor-element elementor-element-cd15fdd elementor-widget elementor-widget-text-editor\" data-id=\"cd15fdd\" data-element_type=\"widget\" data-e-type=\"widget\" data-widget_type=\"text-editor.default\">\n\t\t\t\t<div class=\"elementor-widget-container\">\n\t\t\t\t\t\t\t\t\tJacarandas 273, Col. Emiliano Zapata\n48380 Puerto Vallarta, Jalisco, M\u00e9xico\t\t\t\t\t\t\t\t<\/div>\n\t\t\t\t<\/div>\n\t\t\t\t\t<\/div>\n\t\t<\/div>\n\t\t\t\t<div class=\"elementor-column elementor-col-25 elementor-top-column elementor-element elementor-element-3bdb8aa\" data-id=\"3bdb8aa\" data-element_type=\"column\" data-e-type=\"column\">\n\t\t\t<div class=\"elementor-widget-wrap elementor-element-populated\">\n\t\t\t\t\t\t<div class=\"elementor-element elementor-element-c3ea98b elementor-widget elementor-widget-heading\" data-id=\"c3ea98b\" data-element_type=\"widget\" data-e-type=\"widget\" data-widget_type=\"heading.default\">\n\t\t\t\t<div class=\"elementor-widget-container\">\n\t\t\t\t\t<h2 class=\"elementor-heading-title elementor-size-default\">Contacto<\/h2>\t\t\t\t<\/div>\n\t\t\t\t<\/div>\n\t\t\t\t<div class=\"elementor-element elementor-element-ca60ae6 elementor-widget elementor-widget-text-editor\" data-id=\"ca60ae6\" data-element_type=\"widget\" data-e-type=\"widget\" data-widget_type=\"text-editor.default\">\n\t\t\t\t<div class=\"elementor-widget-container\">\n\t\t\t\t\t\t\t\t\t<a style=\"color:white;\" href=\"mailto:info@innovanucleomedico.com\">info@innovanucleomedico.com<\/a><br>\n322 222 1889\t\t\t\t\t\t\t\t<\/div>\n\t\t\t\t<\/div>\n\t\t\t\t\t<\/div>\n\t\t<\/div>\n\t\t\t\t<div class=\"elementor-column elementor-col-25 elementor-top-column elementor-element elementor-element-6e8625b\" data-id=\"6e8625b\" data-element_type=\"column\" data-e-type=\"column\">\n\t\t\t<div class=\"elementor-widget-wrap elementor-element-populated\">\n\t\t\t\t\t\t<div class=\"elementor-element elementor-element-085f8a3 elementor-widget elementor-widget-heading\" data-id=\"085f8a3\" data-element_type=\"widget\" data-e-type=\"widget\" data-widget_type=\"heading.default\">\n\t\t\t\t<div class=\"elementor-widget-container\">\n\t\t\t\t\t<h2 class=\"elementor-heading-title elementor-size-default\">Horario de atenci\u00f3n<\/h2>\t\t\t\t<\/div>\n\t\t\t\t<\/div>\n\t\t\t\t<div class=\"elementor-element elementor-element-f546e12 elementor-widget elementor-widget-text-editor\" data-id=\"f546e12\" data-element_type=\"widget\" data-e-type=\"widget\" data-widget_type=\"text-editor.default\">\n\t\t\t\t<div class=\"elementor-widget-container\">\n\t\t\t\t\t\t\t\t\t<p>Lunes-Viernes: 9am-2pm<br \/>Sabado-Domingo: CERRADO<\/p>\t\t\t\t\t\t\t\t<\/div>\n\t\t\t\t<\/div>\n\t\t\t\t\t<\/div>\n\t\t<\/div>\n\t\t\t\t\t<\/div>\n\t\t<\/section>\n\t\t\t\t<\/div>\n\t\t","protected":false},"excerpt":{"rendered":"<p>Misi\u00f3n, visi\u00f3n y valores Misi\u00f3n Nuestra misi\u00f3n es satisfacer las necesidades de salud de los pacientes en todos aquellos aspectos relacionados con nuestra especialidad, siempre basados en una atenci\u00f3n individualizada y centrada en la persona. Asegurando un servicio efectivo y eficiente, bajo unos valores de seguridad y m\u00e1xima calidad para nuestros usuarios. Visi\u00f3n Queremos mediante&#8230;<\/p>\n","protected":false},"author":1,"featured_media":0,"parent":0,"menu_order":0,"comment_status":"closed","ping_status":"closed","template":"","meta":{"footnotes":""},"class_list":["post-3142","page","type-page","status-publish","hentry"],"_links":{"self":[{"href":"https:\/\/innovanucleomedico.com\/es\/wp-json\/wp\/v2\/pages\/3142","targetHints":{"allow":["GET"]}}],"collection":[{"href":"https:\/\/innovanucleomedico.com\/es\/wp-json\/wp\/v2\/pages"}],"about":[{"href":"https:\/\/innovanucleomedico.com\/es\/wp-json\/wp\/v2\/types\/page"}],"author":[{"embeddable":true,"href":"https:\/\/innovanucleomedico.com\/es\/wp-json\/wp\/v2\/users\/1"}],"replies":[{"embeddable":true,"href":"https:\/\/innovanucleomedico.com\/es\/wp-json\/wp\/v2\/comments?post=3142"}],"version-history":[{"count":0,"href":"https:\/\/innovanucleomedico.com\/es\/wp-json\/wp\/v2\/pages\/3142\/revisions"}],"wp:attachment":[{"href":"https:\/\/innovanucleomedico.com\/es\/wp-json\/wp\/v2\/media?parent=3142"}],"curies":[{"name":"wp","href":"https:\/\/api.w.org\/{rel}","templated":true}]}}