{"id":3029,"date":"2022-02-12T17:58:34","date_gmt":"2022-02-12T23:58:34","guid":{"rendered":"https:\/\/innovanucleomedico.com\/?page_id=3029"},"modified":"2023-01-26T12:55:37","modified_gmt":"2023-01-26T18:55:37","slug":"inicio","status":"publish","type":"page","link":"https:\/\/innovanucleomedico.com\/es\/","title":{"rendered":"Inicio"},"content":{"rendered":"<div id=\"cmsmasters_row_2u9if6grhg\" class=\"cmsmasters_row cmsmasters_color_scheme_default cmsmasters_row_top_default cmsmasters_row_bot_default cmsmasters_row_boxed\">\n<div class=\"cmsmasters_row_outer_parent\">\n<div class=\"cmsmasters_row_outer\">\n<div class=\"cmsmasters_row_inner cmsmasters_row_no_margin\">\n<div class=\"cmsmasters_row_margin\">\n<div id=\"cmsmasters_column_fw4de94rt5\" class=\"cmsmasters_column one_first\">\n<div class=\"cmsmasters_column_inner\"><div class=\"cmsmasters_text\">\n<p>\n\t\t\t<!-- START home_alt REVOLUTION SLIDER 6.7.37 --><p class=\"rs-p-wp-fix\"><\/p>\n\t\t\t<rs-module-wrap id=\"rev_slider_2_1_wrapper\" data-source=\"gallery\" style=\"visibility:hidden;background:transparent;padding:0;margin:0px auto;margin-top:0;margin-bottom:0;\">\n\t\t\t\t<rs-module id=\"rev_slider_2_1\" style=\"\" data-version=\"6.7.37\">\n\t\t\t\t\t<rs-slides style=\"overflow: hidden; position: absolute;\">\n\t\t\t\t\t\t<rs-slide style=\"position: absolute;\" data-key=\"rs-2\" data-title=\"Slide\" data-thumb=\"\/\/innovanucleomedico.com\/wp-content\/uploads\/2021\/11\/Inicio1.jpg\" data-anim=\"adpr:false;ms:600;\" data-in=\"o:0;\" data-out=\"a:false;\">\n\t\t\t\t\t\t\t<img fetchpriority=\"high\" decoding=\"async\" src=\"\/\/innovanucleomedico.com\/wp-content\/plugins\/revslider\/sr6\/assets\/assets\/dummy.png\" alt=\"\" title=\"Inicio1\" width=\"1920\" height=\"1281\" class=\"rev-slidebg tp-rs-img rs-lazyload\" data-lazyload=\"\/\/innovanucleomedico.com\/wp-content\/uploads\/2021\/11\/Inicio1.jpg\" data-bg=\"p:center top;\" data-no-retina>\n<!---->\t\t\t\t\t<\/rs-slide>\n\t\t\t\t\t\t<rs-slide style=\"position: absolute;\" data-key=\"rs-3\" data-title=\"Slide\" data-thumb=\"\/\/innovanucleomedico.com\/wp-content\/uploads\/2021\/11\/Inicio2.jpg\" data-anim=\"adpr:false;ms:600;\" data-in=\"o:0;\" data-out=\"a:false;\">\n\t\t\t\t\t\t\t<img decoding=\"async\" src=\"\/\/innovanucleomedico.com\/wp-content\/plugins\/revslider\/sr6\/assets\/assets\/dummy.png\" alt=\"\" title=\"Inicio2\" width=\"1920\" height=\"1280\" class=\"rev-slidebg tp-rs-img rs-lazyload\" data-lazyload=\"\/\/innovanucleomedico.com\/wp-content\/uploads\/2021\/11\/Inicio2.jpg\" data-no-retina>\n<!--\n\t\t\t\t\t\t\t--><rs-layer\n\t\t\t\t\t\t\t\tid=\"slider-2-slide-3-layer-1\" \n\t\t\t\t\t\t\t\tdata-type=\"image\"\n\t\t\t\t\t\t\t\tdata-rsp_ch=\"on\"\n\t\t\t\t\t\t\t\tdata-xy=\"xo:-872px,-872px,-1038px,-1038px;yo:455px,455px,251px,251px;\"\n\t\t\t\t\t\t\t\tdata-text=\"l:22;a:inherit;\"\n\t\t\t\t\t\t\t\tdata-dim=\"w:[&#039;1337px&#039;,&#039;1337px&#039;,&#039;1337px&#039;,&#039;1337px&#039;];h:[&#039;1340px&#039;,&#039;1340px&#039;,&#039;1340px&#039;,&#039;1340px&#039;];\"\n\t\t\t\t\t\t\t\tdata-vbility=\"t,t,f,f\"\n\t\t\t\t\t\t\t\tdata-frame_1=\"o:0.2;sR:10;\"\n\t\t\t\t\t\t\t\tdata-frame_999=\"o:0;st:w;sR:4190;\"\n\t\t\t\t\t\t\t\tstyle=\"z-index:10;\"\n\t\t\t\t\t\t\t><img decoding=\"async\" src=\"\/\/innovanucleomedico.com\/wp-content\/plugins\/revslider\/sr6\/assets\/assets\/dummy.png\" alt=\"\" class=\"tp-rs-img rs-lazyload\" data-lazyload=\"\/\/denta.cmsmasters.net\/demo\/wp-content\/uploads\/sites\/5\/revslider\/home_alt\/e2.png\" data-no-retina> \n\t\t\t\t\t\t\t<\/rs-layer><!--\n\n\t\t\t\t\t\t\t--><rs-layer\n\t\t\t\t\t\t\t\tid=\"slider-2-slide-3-layer-17\" \n\t\t\t\t\t\t\t\tdata-type=\"image\"\n\t\t\t\t\t\t\t\tdata-xy=\"xo:-1038px,-1038px,-1104px,-1104px;yo:251px,251px,-58px,-58px;\"\n\t\t\t\t\t\t\t\tdata-text=\"l:22;a:inherit;\"\n\t\t\t\t\t\t\t\tdata-dim=\"w:[&#039;1337px&#039;,&#039;1337px&#039;,&#039;1337px&#039;,&#039;1337px&#039;];h:[&#039;1340px&#039;,&#039;1340px&#039;,&#039;1340px&#039;,&#039;1340px&#039;];\"\n\t\t\t\t\t\t\t\tdata-vbility=\"f,f,t,t\"\n\t\t\t\t\t\t\t\tdata-basealign=\"slide\"\n\t\t\t\t\t\t\t\tdata-rsp_o=\"off\"\n\t\t\t\t\t\t\t\tdata-rsp_bd=\"off\"\n\t\t\t\t\t\t\t\tdata-frame_1=\"o:0.2;sR:10;\"\n\t\t\t\t\t\t\t\tdata-frame_999=\"o:0;st:w;sR:4190;\"\n\t\t\t\t\t\t\t\tstyle=\"z-index:9;\"\n\t\t\t\t\t\t\t><img decoding=\"async\" src=\"\/\/innovanucleomedico.com\/wp-content\/plugins\/revslider\/sr6\/assets\/assets\/dummy.png\" alt=\"\" class=\"tp-rs-img rs-lazyload\" data-lazyload=\"\/\/denta.cmsmasters.net\/demo\/wp-content\/uploads\/sites\/5\/revslider\/home_alt\/e2.png\" data-no-retina> \n\t\t\t\t\t\t\t<\/rs-layer><!--\n-->\t\t\t\t\t<\/rs-slide>\n\t\t\t\t\t\t<rs-slide style=\"position: absolute;\" data-key=\"rs-4\" data-title=\"Slide\" data-thumb=\"\/\/innovanucleomedico.com\/wp-content\/uploads\/2021\/11\/Inicio3.jpg\" data-anim=\"adpr:false;ms:600;\" data-in=\"o:0;\" data-out=\"a:false;\">\n\t\t\t\t\t\t\t<img decoding=\"async\" src=\"\/\/innovanucleomedico.com\/wp-content\/plugins\/revslider\/sr6\/assets\/assets\/dummy.png\" alt=\"\" title=\"Inicio3\" width=\"1920\" height=\"1280\" class=\"rev-slidebg tp-rs-img rs-lazyload\" data-lazyload=\"\/\/innovanucleomedico.com\/wp-content\/uploads\/2021\/11\/Inicio3.jpg\" data-no-retina>\n<!--\n\t\t\t\t\t\t\t--><rs-layer\n\t\t\t\t\t\t\t\tid=\"slider-2-slide-4-layer-1\" \n\t\t\t\t\t\t\t\tdata-type=\"image\"\n\t\t\t\t\t\t\t\tdata-rsp_ch=\"on\"\n\t\t\t\t\t\t\t\tdata-xy=\"xo:1033px,1033px,-1038px,-1038px;yo:35px,35px,251px,251px;\"\n\t\t\t\t\t\t\t\tdata-text=\"l:22;a:inherit;\"\n\t\t\t\t\t\t\t\tdata-dim=\"w:[&#039;1337px&#039;,&#039;1337px&#039;,&#039;1337px&#039;,&#039;1337px&#039;];h:[&#039;1340px&#039;,&#039;1340px&#039;,&#039;1340px&#039;,&#039;1340px&#039;];\"\n\t\t\t\t\t\t\t\tdata-vbility=\"t,t,f,f\"\n\t\t\t\t\t\t\t\tdata-frame_1=\"o:0.2;sR:10;\"\n\t\t\t\t\t\t\t\tdata-frame_999=\"o:0;st:w;sR:4190;\"\n\t\t\t\t\t\t\t\tstyle=\"z-index:7;\"\n\t\t\t\t\t\t\t><img decoding=\"async\" src=\"\/\/innovanucleomedico.com\/wp-content\/plugins\/revslider\/sr6\/assets\/assets\/dummy.png\" alt=\"\" class=\"tp-rs-img rs-lazyload\" data-lazyload=\"\/\/denta.cmsmasters.net\/demo\/wp-content\/uploads\/sites\/5\/revslider\/home_alt\/e2.png\" data-no-retina> \n\t\t\t\t\t\t\t<\/rs-layer><!--\n\n\t\t\t\t\t\t\t--><rs-layer\n\t\t\t\t\t\t\t\tid=\"slider-2-slide-4-layer-17\" \n\t\t\t\t\t\t\t\tdata-type=\"image\"\n\t\t\t\t\t\t\t\tdata-xy=\"xo:-1061px,-1061px,-1104px,-1104px;yo:444px,444px,-58px,-58px;\"\n\t\t\t\t\t\t\t\tdata-text=\"l:22;a:inherit;\"\n\t\t\t\t\t\t\t\tdata-dim=\"w:[&#039;1337px&#039;,&#039;1337px&#039;,&#039;1337px&#039;,&#039;1337px&#039;];h:[&#039;1340px&#039;,&#039;1340px&#039;,&#039;1340px&#039;,&#039;1340px&#039;];\"\n\t\t\t\t\t\t\t\tdata-vbility=\"f,f,t,t\"\n\t\t\t\t\t\t\t\tdata-basealign=\"slide\"\n\t\t\t\t\t\t\t\tdata-rsp_o=\"off\"\n\t\t\t\t\t\t\t\tdata-rsp_bd=\"off\"\n\t\t\t\t\t\t\t\tdata-frame_1=\"o:0.2;sR:10;\"\n\t\t\t\t\t\t\t\tdata-frame_999=\"o:0;st:w;sR:4190;\"\n\t\t\t\t\t\t\t\tstyle=\"z-index:6;\"\n\t\t\t\t\t\t\t><img decoding=\"async\" src=\"\/\/innovanucleomedico.com\/wp-content\/plugins\/revslider\/sr6\/assets\/assets\/dummy.png\" alt=\"\" class=\"tp-rs-img rs-lazyload\" data-lazyload=\"\/\/denta.cmsmasters.net\/demo\/wp-content\/uploads\/sites\/5\/revslider\/home_alt\/e2.png\" data-no-retina> \n\t\t\t\t\t\t\t<\/rs-layer><!--\n-->\t\t\t\t\t<\/rs-slide>\n\t\t\t\t\t<\/rs-slides>\n\t\t\t\t<\/rs-module>\n\t\t\t\t<script>\n\t\t\t\t\tsetREVStartSize({c: 'rev_slider_2_1',rl:[1240,1024,778,480],el:[740,760,650,420],gw:[1200,980,480,320],gh:[740,760,650,420],type:'standard',justify:'',layout:'fullwidth',mh:\"0\"});if (window.RS_MODULES!==undefined && window.RS_MODULES.modules!==undefined && window.RS_MODULES.modules[\"revslider21\"]!==undefined) {window.RS_MODULES.modules[\"revslider21\"].once = false;window.revapi2 = undefined;if (window.RS_MODULES.checkMinimal!==undefined) window.RS_MODULES.checkMinimal()}\n\t\t\t\t<\/script>\n\t\t\t<\/rs-module-wrap>\n\t\t\t<!-- END REVOLUTION SLIDER -->\n<\/p>\n<\/div>\n<\/div><\/div>\n<\/div>\n<\/div>\n<\/div>\n<\/div>\n<\/div>\n<div id=\"cmsmasters_row_krefisx25l\" class=\"cmsmasters_row cmsmasters_color_scheme_default cmsmasters_row_top_default cmsmasters_row_bot_default cmsmasters_row_boxed\">\n<div class=\"cmsmasters_row_outer_parent\">\n<div class=\"cmsmasters_row_outer\">\n<div class=\"cmsmasters_row_inner\">\n<div class=\"cmsmasters_row_margin cmsmasters_row_columns_behavior\">\n<div id=\"cmsmasters_column_9b377np2md\" class=\"cmsmasters_column one_first\">\n<div class=\"cmsmasters_column_inner\"><div id=\"cmsmasters_heading_8msi8zv8e4\" class=\"cmsmasters_heading_wrap cmsmasters_heading_align_center\">\n\t<h6 class=\"cmsmasters_heading\">Unidad org\u00e1nica encargada de la atenci\u00f3n integral m\u00e9dico quir\u00fargica que atiende ginecolog\u00eda y cardiolog\u00eda.<\/h6>\n<\/div>\n<\/div><\/div>\n<\/div>\n<\/div>\n<div class=\"cmsmasters_row_inner\">\n<div class=\"cmsmasters_row_margin\">\n<div id=\"cmsmasters_column_spa4ieohck\" class=\"cmsmasters_column one_first\">\n<div class=\"cmsmasters_column_inner\">\n<div id=\"cmsmasters_divider_autp56lec7\" class=\"cmsmasters_divider cmsmasters_divider_width_long cmsmasters_divider_pos_center\"><\/div>\n<\/div><\/div>\n<\/div>\n<\/div>\n<div class=\"cmsmasters_row_inner\">\n<div class=\"cmsmasters_row_margin cmsmasters_row_columns_behavior\">\n<div id=\"cmsmasters_column_hxd4j3l8z\" class=\"cmsmasters_column one_half\">\n<div class=\"cmsmasters_column_inner\"><div class=\"aligncenter\"><div class=\"cmsmasters_img  cmsmasters_image_c\"><img decoding=\"async\" src=\"https:\/\/innovanucleomedico.com\/wp-content\/uploads\/2021\/11\/graph1-300x300.png\" \/><\/div><\/div><div id=\"cmsmasters_heading_fl68kbfyh3\" class=\"cmsmasters_heading_wrap cmsmasters_heading_align_center\">\n\t<h2 class=\"cmsmasters_heading\">Ginecolog\u00eda<\/h2>\n<\/div><div id=\"cmsmasters_heading_l7bi6w0kd\" class=\"cmsmasters_heading_wrap cmsmasters_heading_align_center\">\n\t<h2 class=\"cmsmasters_heading\">Dra. Laura Garc\u00eda.<\/h2>\n<\/div><div id=\"cmsmasters_button_u1h0keibig\" class=\"button_wrap\"><a href=\"#\" class=\"cmsmasters_button\"><span>M\u00e1s informaci\u00f3n<\/span><\/a><\/div>\n<div id=\"cmsmasters_divider_z7zrrx8s9\" class=\"cl\"><\/div>\n<\/div><\/div>\n<div id=\"cmsmasters_column_q26amddodm\" class=\"cmsmasters_column one_half\">\n<div class=\"cmsmasters_column_inner\"><div class=\"aligncenter\"><div class=\"cmsmasters_img  cmsmasters_image_c\"><img decoding=\"async\" src=\"https:\/\/innovanucleomedico.com\/wp-content\/uploads\/2021\/11\/graph2-300x300.png\" \/><\/div><\/div><div id=\"cmsmasters_heading_kozbqtohjo\" class=\"cmsmasters_heading_wrap cmsmasters_heading_align_center\">\n\t<h2 class=\"cmsmasters_heading\">Cardiolog\u00eda<\/h2>\n<\/div><div id=\"cmsmasters_heading_fwbqv1yi4f\" class=\"cmsmasters_heading_wrap cmsmasters_heading_align_center\">\n\t<h2 class=\"cmsmasters_heading\">Dr. Adolfo Curiel.<\/h2>\n<\/div><div id=\"cmsmasters_button_32x9ntagaq\" class=\"button_wrap\"><a href=\"#\" class=\"cmsmasters_button\"><span>M\u00e1s informaci\u00f3n<\/span><\/a><\/div>\n<div id=\"cmsmasters_divider_1f6eyxbotj\" class=\"cl\"><\/div>\n<\/div><\/div>\n<\/div>\n<\/div>\n<\/div>\n<\/div>\n<\/div>\n<div id=\"cmsmasters_row_uat9820e6s\" class=\"cmsmasters_row cmsmasters_color_scheme_default cmsmasters_row_top_default cmsmasters_row_bot_default cmsmasters_row_boxed\">\n<div class=\"cmsmasters_row_outer_parent\">\n<div class=\"cmsmasters_row_outer\">\n<div class=\"cmsmasters_row_inner\">\n<div class=\"cmsmasters_row_margin\">\n<div id=\"cmsmasters_column_8gsr10fb7\" class=\"cmsmasters_column one_first\">\n<div class=\"cmsmasters_column_inner\"><p><\/p>\n<\/div><\/div>\n<\/div>\n<\/div>\n<\/div>\n<\/div>\n<\/div>\n<div id=\"cmsmasters_row_3emre5k2ud\" class=\"cmsmasters_row cmsmasters_color_scheme_default cmsmasters_row_top_default cmsmasters_row_bot_default cmsmasters_row_fullwidth\">\n<div class=\"cmsmasters_row_outer_parent\">\n<div class=\"cmsmasters_row_outer\">\n<div class=\"cmsmasters_row_inner cmsmasters_row_fullwidth cmsmasters_row_no_margin\">\n<div class=\"cmsmasters_row_margin cmsmasters_row_columns_behavior\">\n<div id=\"cmsmasters_column_zgbeh0uc1j\" class=\"cmsmasters_column one_half\">\n<div class=\"cmsmasters_column_inner\"><div id=\"cmsmasters_fb_13mgyiau9y\" class=\"cmsmasters_featured_block\">\n<div class=\"featured_block_inner\">\n<div class=\"featured_block_text\"><\/div>\n<\/div>\n<\/div>\n<\/div><\/div>\n<div id=\"cmsmasters_column_rpxpmctwbs\" class=\"cmsmasters_column one_half\">\n<div class=\"cmsmasters_column_inner\"><div id=\"cmsmasters_heading_ewlo9x9cfk\" class=\"cmsmasters_heading_wrap cmsmasters_heading_align_left\">\n\t<h2 class=\"cmsmasters_heading\">Acerca de<\/h2>\n<\/div><div id=\"cmsmasters_heading_jql01vdwy8\" class=\"cmsmasters_heading_wrap cmsmasters_heading_align_left\">\n\t<h6 class=\"cmsmasters_heading\">Atendiendo necesidades del \u00e1rea cardiol\u00f3gicas y de ginecolog\u00eda. El Dr. Adolfo Curiel Ruvalcaba es el encargado del \u00e1rea de cardiolog\u00eda. Egresado de la Universidad de Guadalajara. Posteriormente se especializ\u00f3 en Cardiolog\u00eda en la Universidad Nacional Aut\u00f3noma de M\u00e9xico. El doctor tiene varios a\u00f1os de experiencia laboral en su campo de estudio. Incluso \u00e9l se ha desempe\u00f1ado como miembro de diversas asociaciones m\u00e9dicas. Adolfo Curiel Ruvalcaba ha intervenido en abundantes conferencias con el fin de tener una formaci\u00f3n continua en su \u00e1mbito de especializaci\u00f3n y ha compartido diferentes publicaciones.No. de c\u00e9dula: 4584191.<\/h6>\n<\/div>\n<div id=\"cmsmasters_divider_kmivjnt3q4\" class=\"cl\"><\/div>\n<div id=\"cmsmasters_heading_jql01vdwy8\" class=\"cmsmasters_heading_wrap cmsmasters_heading_align_left\">\n\t<h6 class=\"cmsmasters_heading\">La Dra. Laura Garc\u00eda Guti\u00e9rrez es la encargada de ginecolog\u00eda. Egresado de la Universidad de Guadalajara. Posteriormente se especializ\u00f3 en Ginecolog\u00eda en la Universidad Nacional Aut\u00f3noma de M\u00e9xico. Actualmente cuenta con varios a\u00f1os de experiencia en su campo. No. de c\u00e9dula: 3602841\/ 4584192<\/h6>\n<\/div><div class=\"cmsmasters_text\">\n<div id=\"cmsmasters_row_\" class=\"cmsmasters_row cmsmasters_color_scheme_default cmsmasters_row_top_default cmsmasters_row_bot_default cmsmasters_row_boxed\">\n<div class=\"cmsmasters_row_outer_parent\">\n<div class=\"cmsmasters_row_outer\">\n<div class=\"cmsmasters_row_inner\">\n<div class=\"cmsmasters_row_margin\">\n<\/div>\n<\/div>\n<\/div>\n<\/div>\n<\/div>\n<br \/>\n<div id=\"cmsmasters_column_\" class=\"cmsmasters_column one_first\">\n<div class=\"cmsmasters_column_inner\"><\/div><\/div>\n<\/div>\n<\/div><\/div>\n<\/div>\n<\/div>\n<\/div>\n<\/div>\n<\/div>\n<div id=\"cmsmasters_row_nzttaklalo\" class=\"cmsmasters_row cmsmasters_color_scheme_default cmsmasters_row_top_default cmsmasters_row_bot_default cmsmasters_row_boxed\">\n<div class=\"cmsmasters_row_outer_parent\">\n<div class=\"cmsmasters_row_outer\">\n<div class=\"cmsmasters_row_inner\">\n<div class=\"cmsmasters_row_margin\">\n<div id=\"cmsmasters_column_24quq51yh7\" class=\"cmsmasters_column one_first\">\n<div class=\"cmsmasters_column_inner\"><div class=\"cmsmasters_quotes_slider_wrap\">\n<div id=\"cmsmasters_quotes_slider_rms4dw6g69\" class=\"cmsmasters_owl_slider owl-carousel cmsmasters_quotes cmsmasters_quotes_slider\" data-auto-play=\"4000\"><div class=\"cmsmasters_quote cmsmasters_owl_slider_item\">\n<!-- Start Quote Slider Article -->\r\n<article class=\"cmsmasters_quote_inner\">\r\n<div class=\"cmsmasters_quote_content\">\n<p data-pm-slice=\"1 1 &#091;&#093;\"><a class=\"ProsemirrorEditor-link\" href=\"https:\/\/www.linkedin.com\/in\/carlosbotran?trk=public_profile_recommendations\" target=\"_blank\" rel=\"noopener\">\u00abI&#8217;ve seen Dr. Curiel three times in the 2 1\/2 years I&#8217;ve been living in Puerto Vallarta. He takes the time to listen to my concerns and questions and answers them clearly and with the level of detail that I need. I would highly recommend him. He also speaks English very well, so he would be a good doctor for expats in Puerto Vallarta.\u00bb<\/a><\/p>\n<\/div><header class=\"cmsmasters_quote_header\"><h3 class=\"cmsmasters_quote_title\">Carlos Botran.<\/h3><\/header><\/article>\r\n<!-- Finish Quote Slider Article -->\r\n\r\n<\/div>\n<div class=\"cmsmasters_quote cmsmasters_owl_slider_item\">\n<!-- Start Quote Slider Article -->\r\n<article class=\"cmsmasters_quote_inner\">\r\n<div class=\"cmsmasters_quote_content\">\n<p data-pm-slice=\"1 1 &#091;&#093;\"><a class=\"ProsemirrorEditor-link\" href=\"https:\/\/mx.linkedin.com\/in\/lauramaiz?trk=public_profile_recommendations\" target=\"_blank\" rel=\"noopener\">\u00abEl doctor Curiel es un excelente profesional altamente capacitado y actualizado con los mejores equipos m\u00e9dicos, lo que le ha permitido tratar a los miembros de mi familia con unos protocolos que han resultado sumamente f\u00e1ciles de continuar con los cardi\u00f3logos en Europa. Esto unido a su alta calidad humana, hacen de \u00e9l un doctor dedicado a su profesi\u00f3n y a sus pacientes\u00bb<\/a><\/p>\n<\/div><header class=\"cmsmasters_quote_header\"><h3 class=\"cmsmasters_quote_title\">Laura Maiz<\/h3><\/header><\/article>\r\n<!-- Finish Quote Slider Article -->\r\n\r\n<\/div>\n<\/div>\n<\/div>\n<\/div><\/div>\n<\/div>\n<\/div>\n<\/div>\n<\/div>\n<\/div>\n<div id=\"cmsmasters_row_dxoojj7v6q\" class=\"cmsmasters_row cmsmasters_color_scheme_third cmsmasters_row_top_default cmsmasters_row_bot_default cmsmasters_row_boxed\">\n<div class=\"cmsmasters_row_outer_parent\">\n<div class=\"cmsmasters_row_outer\">\n<div class=\"cmsmasters_row_inner\">\n<div class=\"cmsmasters_row_margin\">\n<div id=\"cmsmasters_column_gt2638t07\" class=\"cmsmasters_column one_first\">\n<div class=\"cmsmasters_column_inner\"><div id=\"cmsmasters_fb_kwcdkuzzxs\" class=\"cmsmasters_featured_block\">\n<div class=\"featured_block_inner\">\n<div class=\"featured_block_text\">\n<p style=\"text-align: center;\"><span style=\"font-size: 28px; line-height: 36px; font-weight: 300;\">N\u00facleo de especialidades m\u00e9dicas de diagnostico! Llamanos al +52 322 222 1889 o <a style=\"border-bottom: 2px solid; font-size: 28px; line-height: 37px; font-weight: 300;\" href=\"https:\/\/innovanucleomedico.com\/contacto\/\">Cont\u00e1ctanos<\/a><\/span><\/p>\n\n<\/div>\n<\/div>\n<\/div>\n<\/div><\/div>\n<\/div>\n<\/div>\n<\/div>\n<\/div>\n<\/div>\n<div id=\"cmsmasters_row_hl3c70mx5p\" class=\"cmsmasters_row cmsmasters_color_scheme_third cmsmasters_row_top_default cmsmasters_row_bot_default cmsmasters_row_boxed\">\n<div class=\"cmsmasters_row_outer_parent\">\n<div class=\"cmsmasters_row_outer\">\n<div class=\"cmsmasters_row_inner\">\n<div class=\"cmsmasters_row_margin\">\n<div id=\"cmsmasters_column_ni5cl0kdho\" class=\"cmsmasters_column one_fourth\">\n<div class=\"cmsmasters_column_inner\"><div id=\"cmsmasters_heading_hl9mrynak6\" class=\"cmsmasters_heading_wrap cmsmasters_heading_align_left\">\n\t<h2 class=\"cmsmasters_heading\">Info<\/h2>\n<\/div><div class=\"cmsmasters_text\">\n<h4><a style=\"font-size: 16px; line-height: 20px; font-weight: 300;\" href=\"https:\/\/innovanucleomedico.com\/contacto\/\">N\u00facleo de especialidades m\u00e9dicas de diagnostico.<\/a><\/h4>\n<\/div>\n<\/div><\/div>\n<div id=\"cmsmasters_column_yz1j43fad7\" class=\"cmsmasters_column one_fourth\">\n<div class=\"cmsmasters_column_inner\"><div id=\"cmsmasters_heading_z437ry6tn\" class=\"cmsmasters_heading_wrap cmsmasters_heading_align_left\">\n\t<h2 class=\"cmsmasters_heading\">Ubicaci\u00f3n<\/h2>\n<\/div><div class=\"cmsmasters_text\">\n<h4><span style=\"font-size: 16px; line-height: 20px; font-weight: 300;\">Jacarandas 273, Col. Emiliano Zapata<\/span><br \/>\n<span style=\"font-size: 16px; line-height: 20px; font-weight: 300;\">48380 Puerto Vallarta, Jalisco, M\u00e9xico<\/span><\/h4>\n<\/div>\n<\/div><\/div>\n<div id=\"cmsmasters_column_ziodgx7xyo\" class=\"cmsmasters_column one_fourth\">\n<div class=\"cmsmasters_column_inner\"><div id=\"cmsmasters_heading_wmq8f31dwh\" class=\"cmsmasters_heading_wrap cmsmasters_heading_align_left\">\n\t<h2 class=\"cmsmasters_heading\">Contacto<\/h2>\n<\/div><div class=\"cmsmasters_text\">\n<h4><span style=\"font-size: 16px; line-height: 20px; font-weight: 300;\"><a style=\"font-size: 16px; line-height: 20px; font-weight: 300;\" href=\"mailto:info@innovanucleomedico.com\">info@innovanucleomedico.com<\/a><\/span><br \/>\n<span style=\"font-size: 16px; line-height: 20px; font-weight: 300;\">322 222 1889<\/span><\/h4>\n<\/div>\n<\/div><\/div>\n<div id=\"cmsmasters_column_qk89twqyef\" class=\"cmsmasters_column one_fourth\">\n<div class=\"cmsmasters_column_inner\"><div id=\"cmsmasters_heading_z9tjdhi56\" class=\"cmsmasters_heading_wrap cmsmasters_heading_align_left\">\n\t<h2 class=\"cmsmasters_heading\">Horario de atenci\u00f3n<\/h2>\n<\/div><div class=\"cmsmasters_text\">\n<h4><span style=\"font-size: 16px; line-height: 20px; font-weight: 300;\">Lunes-Viernes: 9am-2pm<\/span><br \/>\n<span style=\"font-size: 16px; line-height: 20px; font-weight: 300;\">Sabado-Domingo: CERRADO<\/span><\/h4>\n<\/div>\n<\/div><\/div>\n<\/div>\n<\/div>\n<\/div>\n<\/div>\n<\/div>\n<div id=\"cmsmasters_row_b7rpcj1deu\" class=\"cmsmasters_row cmsmasters_color_scheme_default cmsmasters_row_top_default cmsmasters_row_bot_default cmsmasters_row_boxed\">\n<div class=\"cmsmasters_row_outer_parent\">\n<div class=\"cmsmasters_row_overlay\"><\/div>\n<div class=\"cmsmasters_row_outer\">\n<div class=\"cmsmasters_row_inner\">\n<div class=\"cmsmasters_row_margin\">\n<div id=\"cmsmasters_column_6lcq22j0x\" class=\"cmsmasters_column one_first\">\n<div class=\"cmsmasters_column_inner\"><p><\/p>\n<\/div><\/div>\n<\/div>\n<\/div>\n<\/div>\n<\/div>\n<\/div>\n\n","protected":false},"excerpt":{"rendered":"","protected":false},"author":1,"featured_media":0,"parent":0,"menu_order":0,"comment_status":"closed","ping_status":"closed","template":"","meta":{"footnotes":""},"class_list":["post-3029","page","type-page","status-publish","hentry"],"_links":{"self":[{"href":"https:\/\/innovanucleomedico.com\/es\/wp-json\/wp\/v2\/pages\/3029","targetHints":{"allow":["GET"]}}],"collection":[{"href":"https:\/\/innovanucleomedico.com\/es\/wp-json\/wp\/v2\/pages"}],"about":[{"href":"https:\/\/innovanucleomedico.com\/es\/wp-json\/wp\/v2\/types\/page"}],"author":[{"embeddable":true,"href":"https:\/\/innovanucleomedico.com\/es\/wp-json\/wp\/v2\/users\/1"}],"replies":[{"embeddable":true,"href":"https:\/\/innovanucleomedico.com\/es\/wp-json\/wp\/v2\/comments?post=3029"}],"version-history":[{"count":0,"href":"https:\/\/innovanucleomedico.com\/es\/wp-json\/wp\/v2\/pages\/3029\/revisions"}],"wp:attachment":[{"href":"https:\/\/innovanucleomedico.com\/es\/wp-json\/wp\/v2\/media?parent=3029"}],"curies":[{"name":"wp","href":"https:\/\/api.w.org\/{rel}","templated":true}]}}